{"id":657,"date":"2025-01-30T07:13:26","date_gmt":"2025-01-30T07:13:26","guid":{"rendered":"https:\/\/justmetalsolutions.wordpress.avency.de\/?page_id=657"},"modified":"2025-02-26T08:01:33","modified_gmt":"2025-02-26T08:01:33","slug":"data-protection","status":"publish","type":"page","link":"https:\/\/justmetalsolutions.de\/en\/data-protection\/","title":{"rendered":"Data Protection"},"content":{"rendered":"<p>[et_pb_section fb_built=&#8221;1&#8243; _builder_version=&#8221;4.27.4&#8243; _module_preset=&#8221;default&#8221; global_colors_info=&#8221;{}&#8221;][et_pb_row _builder_version=&#8221;4.27.4&#8243; _module_preset=&#8221;default&#8221; global_colors_info=&#8221;{}&#8221;][et_pb_column type=&#8221;4_4&#8243; _builder_version=&#8221;4.27.4&#8243; _module_preset=&#8221;default&#8221; global_colors_info=&#8221;{}&#8221;][et_pb_heading title=&#8221;Data Protection&#8221; _builder_version=&#8221;4.27.4&#8243; _module_preset=&#8221;default&#8221; global_colors_info=&#8221;{}&#8221;][\/et_pb_heading][et_pb_text _builder_version=&#8221;4.27.4&#8243; _module_preset=&#8221;default&#8221; global_colors_info=&#8221;{}&#8221;]<\/p>\n<ol>\n<li>\n<p class=\"break-words\">Responsible Party<br \/>Just Metal Solutions<br \/>Email: <a href=\"mailto:info@jms-velen.de\" target=\"_blank\" rel=\"noopener noreferrer\" aria-label=\"\">info@jms-velen.de<\/a><br \/>Address:<span>\u00a0<\/span><a href=\"http:\/\/www.justmetalsolutions.de\/\" target=\"_blank\" rel=\"noopener noreferrer\" aria-label=\"\">www.justmetalsolutions.de<\/a><\/p>\n<\/li>\n<li>\n<p class=\"break-words\">Collection and Storage of Personal Data as well as the Type and Purpose of their Use<\/p>\n<\/li>\n<\/ol>\n<p class=\"break-words\">a) When Visiting the Website<br \/>When accessing our website<span>\u00a0<\/span><a href=\"http:\/\/www.justmetalsolutions.de\/\" target=\"_blank\" rel=\"noopener noreferrer\" aria-label=\"\">www.justmetalsolutions.de<\/a>, information is automatically sent by the browser used on your device to the server of our website. This information is temporarily stored in a so-called logfile. The following information is automatically collected and stored until its automated deletion:<\/p>\n<ul>\n<li>IP address of the requesting computer,<\/li>\n<li>Date and time of access,<\/li>\n<li>Name and URL of the retrieved file,<\/li>\n<li>Website from which access is made (referrer URL),<\/li>\n<li>Browser used and, if applicable, your computer&#8217;s operating system and the name of your access provider.<\/li>\n<\/ul>\n<p class=\"break-words\">The mentioned data is processed by us for the following purposes:<\/p>\n<ul>\n<li>Ensuring a smooth connection to the website,<\/li>\n<li>Ensuring comfortable use of our website,<\/li>\n<li>Evaluating system security and stability, as well as<\/li>\n<li>Other administrative purposes.<\/li>\n<\/ul>\n<p class=\"break-words\">The legal basis for data processing is Art. 6 Para. 1 Sentence 1 lit. f GDPR. Our legitimate interest arises from the above-listed purposes of data collection. Under no circumstances do we use the collected data for the purpose of drawing conclusions about your person.<\/p>\n<p class=\"break-words\">b) When Using Our Contact Form<br \/>For any kind of inquiries, we offer you the opportunity to contact us via a form provided on the website. It is necessary to provide your first name, last name, and a valid email address so that we know who the request is from and to answer it. Additional information can be provided voluntarily.<\/p>\n<p class=\"break-words\">Data processing for the purpose of contacting us is based on your freely given consent as per Art. 6 Para. 1 Sentence 1 lit. a GDPR.<\/p>\n<p class=\"break-words\">The personal data collected by us for the use of the contact form will be automatically deleted after handling your request.<\/p>\n<ol start=\"3\">\n<li>Disclosure of Data<\/li>\n<\/ol>\n<p class=\"break-words\">Your personal data will only be transmitted to third parties for purposes other than those listed below:<\/p>\n<p class=\"break-words\">We disclose your personal data to third parties only if:<\/p>\n<ul>\n<li>You have given your explicit consent according to Art. 6 Para. 1 Sentence 1 lit. a GDPR,<\/li>\n<li>The disclosure is required under Art. 6 Para. 1 Sentence 1 lit. f GDPR for the establishment, exercise, or defense of legal claims and there is no reason to assume that you have an overriding legitimate interest in non-disclosure of your data,<\/li>\n<li>In the event of a legal obligation for disclosure as per Art. 6 Para. 1 Sentence 1 lit. c GDPR, as well as<\/li>\n<li>It is legally permissible and required under Art. 6 Para. 1 Sentence 1 lit. b GDPR for the processing of contractual relationships with you.<\/li>\n<\/ul>\n<ol start=\"4\">\n<li>Rights of the Data Subject<\/li>\n<\/ol>\n<p class=\"break-words\">You have the right to:<\/p>\n<ul>\n<li>Request information about your personal data processed by us as per Art. 15 GDPR. In particular, you may request information about the purposes of the processing, the categories of personal data, the categories of recipients to whom your data was or will be disclosed, the planned storage duration, the existence of a right to rectification, erasure, restriction of processing or objection, the existence of a right to lodge a complaint, the origin of your data (if not collected by us), as well as the existence of automated decision-making including profiling and, if applicable, meaningful information about its details;<\/li>\n<li>Request the immediate rectification of incorrect or completion of your personal data stored by us in accordance with Art. 16 GDPR;<\/li>\n<li>Request the erasure of your personal data stored by us in accordance with Art. 17 GDPR, unless the processing is required to exercise the right to freedom of expression and information, to fulfill a legal obligation, for reasons of public interest or to establish, exercise, or defend legal claims;<\/li>\n<li>Request the restriction of processing your personal data as per Art. 18 GDPR, insofar as the accuracy of the data is disputed by you, the processing is unlawful, but you oppose its deletion, and we no longer need the data, but you need it to exercise or defend legal claims, or you have objected to the processing as per Art. 21 GDPR;<\/li>\n<li>Receive your personal data provided to us in a structured, commonly used, and machine-readable format or request its transfer to another data controller in accordance with Art. 20 GDPR;<\/li>\n<li>Revoke your consent once given to us at any time pursuant to Art. 7 Para. 3 GDPR. This has the consequence that we may no longer continue the data processing based on this consent in the future and<\/li>\n<li>Lodge a complaint with a supervisory authority pursuant to Art. 77 GDPR. In general, you can contact the supervisory authority of your usual place of residence, workplace, or our company headquarters.<\/li>\n<\/ul>\n<ol start=\"5\">\n<li>Right to Object<\/li>\n<\/ol>\n<p class=\"break-words\">If your personal data is processed based on legitimate interests pursuant to Art. 6 Para. 1 Sentence 1 lit. f GDPR, you have the right to object to the processing of your personal data pursuant to Art. 21 GDPR, provided there are reasons arising from your particular situation or the objection is directed against direct marketing. In the latter case, you have a general right to object, which we will implement without the need for a particular situation to be specified.<\/p>\n<p class=\"break-words\">If you wish to exercise your right of withdrawal or objection, simply send an email to <a href=\"mailto:info@jms-velen.de\" target=\"_blank\" rel=\"noopener noreferrer\" aria-label=\"\">info@jms-velen.de<\/a>.<\/p>\n<ol start=\"6\">\n<li>Data Security<\/li>\n<\/ol>\n<p class=\"break-words\">We use the widely used SSL (Secure Socket Layer) procedure during your visit to the website, in conjunction with the highest level of encryption supported by your browser. Typically, this is 256-bit encryption. If your browser does not support 256-bit encryption, we instead use 128-bit v3 technology. Whether an individual page of our website is transmitted in encrypted form can be identified by the closed display of the key or lock icon in the lower status bar of your browser.<\/p>\n<p class=\"break-words\">In addition, we take appropriate technical and organizational security measures to protect your data against accidental or intentional manipulation, partial or complete loss, destruction, or unauthorized access by third parties. Our security measures are continuously improved in accordance with technological developments.<\/p>\n<ol start=\"7\">\n<li>Validity and Updating of this Privacy Policy<\/li>\n<\/ol>\n<p class=\"break-words\">This privacy policy is currently valid and has the status of February 2025.<\/p>\n<p class=\"break-words\">Due to the further development of our website and offers above or due to changed legal or regulatory requirements, it may become necessary to change this privacy policy. The current privacy policy can be retrieved and printed out by you at any time on the website.<\/p>\n<p>[\/et_pb_text][\/et_pb_column][\/et_pb_row][\/et_pb_section]<\/p>\n","protected":false},"excerpt":{"rendered":"<p>Responsible PartyJust Metal SolutionsEmail: info@jms-velen.deAddress:\u00a0www.justmetalsolutions.de Collection and Storage of Personal Data as well as the Type and Purpose of their Use a) When Visiting the WebsiteWhen accessing our website\u00a0www.justmetalsolutions.de, information is automatically sent by the browser used on your device to the server of our website. This information is temporarily stored in a so-called logfile. [&hellip;]<\/p>\n","protected":false},"author":1,"featured_media":0,"parent":0,"menu_order":0,"comment_status":"closed","ping_status":"closed","template":"","meta":{"_et_pb_use_builder":"on","_et_pb_old_content":"[et_pb_section fb_built=\"1\" _builder_version=\"4.27.4\" _module_preset=\"default\" global_colors_info=\"{}\"][et_pb_row _builder_version=\"4.27.4\" _module_preset=\"default\" global_colors_info=\"{}\"][et_pb_column type=\"4_4\" _builder_version=\"4.27.4\" _module_preset=\"default\" global_colors_info=\"{}\"][et_pb_heading title=\"Datenschutzerkl\u00e4rung\" _builder_version=\"4.27.4\" _module_preset=\"default\" global_colors_info=\"{}\"][\/et_pb_heading][et_pb_text _builder_version=\"4.27.4\" _module_preset=\"default\" hover_enabled=\"0\" global_colors_info=\"{}\" sticky_enabled=\"0\"]<p class=\"break-words\"><strong>1. Verantwortliche Stelle<\/strong><br \/>Just Metal Solutions<br \/>E-Mail: <a href=\"mailto:info@jms-velen.de\">info@jms-velen.de<\/a><br \/>Adresse: <a href=\"http:\/\/www.justmetalsolutions.de\">www.justmetalsolutions.de<\/a><\/p>\r\n<p class=\"break-words\"><strong>2. Erhebung und Speicherung personenbezogener Daten sowie Art und Zweck von deren Verwendung<\/strong><\/p>\r\n<p class=\"break-words\"><strong>a) Bei Besuch der Webseite<\/strong><\/p>\r\n<p class=\"break-words\">Beim Aufrufen unserer Webseite <a href=\"http:\/\/www.justmetalsolutions.de\">www.justmetalsolutions.de<\/a>\u00a0werden durch den auf Ihrem Endger\u00e4t zum Einsatz kommenden Browser automatisch Informationen an den Server unserer Webseite gesendet. Diese Informationen werden tempor\u00e4r in einem sogenannten Logfile gespeichert. Folgende Informationen werden dabei ohne Ihr Zutun erfasst und bis zur automatisierten L\u00f6schung gespeichert:<\/p>\r\n<ul>\r\n<li>IP-Adresse des anfragenden Rechners,<\/li>\r\n<li>Datum und Uhrzeit des Zugriffs,<\/li>\r\n<li>Name und URL der abgerufenen Datei,<\/li>\r\n<li>Webseite, von der aus der Zugriff erfolgt (Referrer-URL),<\/li>\r\n<li>verwendeter Browser und ggf. das Betriebssystem Ihres Rechners sowie der Name Ihres Access-Providers.<\/li>\r\n<\/ul>\r\n<p class=\"break-words\">Die genannten Daten werden durch uns zu folgenden Zwecken verarbeitet:<\/p>\r\n<ul>\r\n<li>Gew\u00e4hrleistung eines reibungslosen Verbindungsaufbaus der Webseite,<\/li>\r\n<li>Gew\u00e4hrleistung einer komfortablen Nutzung unserer Webseite,<\/li>\r\n<li>Auswertung der Systemsicherheit und -stabilit\u00e4t sowie<\/li>\r\n<li>zu weiteren administrativen Zwecken.<\/li>\r\n<\/ul>\r\n<p class=\"break-words\">Die Rechtsgrundlage f\u00fcr die Datenverarbeitung ist Art. 6 Abs. 1 S. 1 lit. f DSGVO. Unser berechtigtes Interesse folgt aus oben aufgelisteten Zwecken zur Datenerhebung. In keinem Fall verwenden wir die erhobenen Daten zu dem Zweck, R\u00fcckschl\u00fcsse auf Ihre Person zu ziehen.<\/p>\r\n<p class=\"break-words\"><strong>b) Bei Nutzung unseres Kontaktformulars<\/strong><\/p>\r\n<p class=\"break-words\">Bei Fragen jeglicher Art bieten wir Ihnen die M\u00f6glichkeit, mit uns \u00fcber ein auf der Webseite bereitgestelltes Formular Kontakt aufzunehmen. Dabei ist die Angabe von Name, Vorname und einer g\u00fcltigen E-Mail-Adresse erforderlich, damit wir wissen, von wem die Anfrage stammt und um diese beantworten zu k\u00f6nnen. Weitere Angaben k\u00f6nnen freiwillig get\u00e4tigt werden.<\/p>\r\n<p class=\"break-words\">Die Datenverarbeitung zum Zwecke der Kontaktaufnahme mit uns erfolgt nach Art. 6 Abs. 1 S. 1 lit. a DSGVO auf Grundlage Ihrer freiwillig erteilten Einwilligung.<\/p>\r\n<p class=\"break-words\">Die f\u00fcr die Benutzung des Kontaktformulars von uns erhobenen personenbezogenen Daten werden nach Erledigung der von Ihnen gestellten Anfrage automatisch gel\u00f6scht.<\/p>\r\n<p class=\"break-words\"><strong>3. Weitergabe von Daten<\/strong><\/p>\r\n<p class=\"break-words\">Eine \u00dcbermittlung Ihrer pers\u00f6nlichen Daten an Dritte zu anderen als den im Folgenden aufgef\u00fchrten Zwecken findet nicht statt.<\/p>\r\n<p class=\"break-words\">Wir geben Ihre pers\u00f6nlichen Daten nur an Dritte weiter, wenn:<\/p>\r\n<ul>\r\n<li>Sie Ihre nach Art. 6 Abs. 1 S. 1 lit. a DSGVO ausdr\u00fcckliche Einwilligung dazu erteilt haben,<\/li>\r\n<li>die Weitergabe nach Art. 6 Abs. 1 S. 1 lit. f DSGVO zur Geltendmachung, Aus\u00fcbung oder Verteidigung von Rechtsanspr\u00fcchen erforderlich ist und kein Grund zur Annahme besteht, dass Sie ein \u00fcberwiegendes schutzw\u00fcrdiges Interesse an der Nichtweitergabe Ihrer Daten haben,<\/li>\r\n<li>f\u00fcr den Fall, dass f\u00fcr die Weitergabe nach Art. 6 Abs. 1 S. 1 lit. c DSGVO eine gesetzliche Verpflichtung besteht, sowie<\/li>\r\n<li>dies gesetzlich zul\u00e4ssig und nach Art. 6 Abs. 1 S. 1 lit. b DSGVO f\u00fcr die Abwicklung von Vertragsverh\u00e4ltnissen mit Ihnen erforderlich ist.<\/li>\r\n<\/ul>\r\n<p class=\"break-words\"><strong>4. Betroffenenrechte<\/strong><\/p>\r\n<p class=\"break-words\">Sie haben das Recht:<\/p>\r\n<ul>\r\n<li>gem\u00e4\u00df Art. 15 DSGVO Auskunft \u00fcber Ihre von uns verarbeiteten personenbezogenen Daten zu verlangen. Insbesondere k\u00f6nnen Sie Auskunft \u00fcber die Verarbeitungszwecke, die Kategorie der personenbezogenen Daten, die Kategorien von Empf\u00e4ngern, gegen\u00fcber denen Ihre Daten offengelegt wurden oder werden, die geplante Speicherdauer, das Bestehen eines Rechts auf Berichtigung, L\u00f6schung, Einschr\u00e4nkung der Verarbeitung oder Widerspruch, das Bestehen eines Beschwerderechts, die Herkunft ihrer Daten, sofern diese nicht bei uns erhoben wurden, sowie \u00fcber das Bestehen einer automatisierten Entscheidungsfindung einschlie\u00dflich Profiling und ggf. aussagekr\u00e4ftigen Informationen zu deren Einzelheiten verlangen;<\/li>\r\n<li>gem\u00e4\u00df Art. 16 DSGVO unverz\u00fcglich die Berichtigung unrichtiger oder Vervollst\u00e4ndigung Ihrer bei uns gespeicherten personenbezogenen Daten zu verlangen;<\/li>\r\n<li>gem\u00e4\u00df Art. 17 DSGVO die L\u00f6schung Ihrer bei uns gespeicherten personenbezogenen Daten zu verlangen, soweit nicht die Verarbeitung zur Aus\u00fcbung des Rechts auf freie Meinungs\u00e4u\u00dferung und Information, zur Erf\u00fcllung einer rechtlichen Verpflichtung, aus Gr\u00fcnden des \u00f6ffentlichen Interesses oder zur Geltendmachung, Aus\u00fcbung oder Verteidigung von Rechtsanspr\u00fcchen erforderlich ist;<\/li>\r\n<li>gem\u00e4\u00df Art. 18 DSGVO die Einschr\u00e4nkung der Verarbeitung Ihrer personenbezogenen Daten zu verlangen, soweit die Richtigkeit der Daten von Ihnen bestritten wird, die Verarbeitung unrechtm\u00e4\u00dfig ist, Sie aber deren L\u00f6schung ablehnen und wir die Daten nicht mehr ben\u00f6tigen, Sie jedoch diese zur Geltendmachung, Aus\u00fcbung oder Verteidigung von Rechtsanspr\u00fcchen ben\u00f6tigen oder Sie gem\u00e4\u00df Art. 21 DSGVO Widerspruch gegen die Verarbeitung eingelegt haben;<\/li>\r\n<li>gem\u00e4\u00df Art. 20 DSGVO Ihre personenbezogenen Daten, die Sie uns bereitgestellt haben, in einem strukturierten, g\u00e4ngigen und maschinenlesebaren Format zu erhalten oder die \u00dcbermittlung an einen anderen Verantwortlichen zu verlangen;<\/li>\r\n<li>gem\u00e4\u00df Art. 7 Abs. 3 DSGVO Ihre einmal erteilte Einwilligung jederzeit gegen\u00fcber uns zu widerrufen. Dies hat zur Folge, dass wir die Datenverarbeitung, die auf dieser Einwilligung beruhte, f\u00fcr die Zukunft nicht mehr fortf\u00fchren d\u00fcrfen und<\/li>\r\n<li>gem\u00e4\u00df Art. 77 DSGVO sich bei einer Aufsichtsbeh\u00f6rde zu beschweren. In der Regel k\u00f6nnen Sie sich hierf\u00fcr an die Aufsichtsbeh\u00f6rde Ihres \u00fcblichen Aufenthaltsortes oder Arbeitsplatzes oder unseres Unternehmenssitzes wenden.<\/li>\r\n<\/ul>\r\n<p class=\"break-words\"><strong>5. Widerspruchsrecht<\/strong><\/p>\r\n<p class=\"break-words\">Sofern Ihre personenbezogenen Daten auf Grundlage von berechtigten Interessen gem\u00e4\u00df Art. 6 Abs. 1 S. 1 lit. f DSGVO verarbeitet werden, haben Sie das Recht, gem\u00e4\u00df Art. 21 DSGVO Widerspruch gegen die Verarbeitung Ihrer personenbezogenen Daten einzulegen, soweit daf\u00fcr Gr\u00fcnde vorliegen, die sich aus Ihrer besonderen Situation ergeben oder sich der Widerspruch gegen Direktwerbung richtet. Im letzteren Fall haben Sie ein generelles Widerspruchsrecht, das ohne Angabe einer besonderen Situation von uns umgesetzt wird.<\/p>\r\n<p class=\"break-words\">M\u00f6chten Sie von Ihrem Widerrufs- oder Widerspruchsrecht Gebrauch machen, gen\u00fcgt eine E-Mail an <a href=\"mailto:info@jms-velen.de\">info@jms-velen.de\u00a0<\/a><\/p>\r\n<p class=\"break-words\"><strong>6. Datensicherheit<\/strong><\/p>\r\n<p class=\"break-words\">Wir verwenden innerhalb des Website-Besuchs das verbreitete SSL-Verfahren (Secure Socket Layer) in Verbindung mit der jeweils h\u00f6chsten Verschl\u00fcsselungsstufe, die von Ihrem Browser unterst\u00fctzt wird. In der Regel handelt es sich dabei um eine 256-Bit Verschl\u00fcsselung. Falls Ihr Browser keine 256-Bit Verschl\u00fcsselung unterst\u00fctzt, greifen wir stattdessen auf 128-Bit v3 Technologie zur\u00fcck. Ob eine einzelne Seite unseres Internetauftrittes verschl\u00fcsselt \u00fcbertragen wird, erkennen Sie an der geschlossenen Darstellung des Sch\u00fcssel- beziehungsweise Schloss-Symbols in der unteren Statusleiste Ihres Browsers.<\/p>\r\n<p class=\"break-words\">Wir bedienen uns im \u00dcbrigen geeigneter technischer und organisatorischer Sicherheitsma\u00dfnahmen, um Ihre Daten gegen zuf\u00e4llige oder vors\u00e4tzliche Manipulationen, teilweisen oder vollst\u00e4ndigen Verlust, Zerst\u00f6rung oder gegen den unbefugten Zugriff Dritter zu sch\u00fctzen. Unsere Sicherheitsma\u00dfnahmen werden entsprechend der technologischen Entwicklung fortlaufend verbessert.<\/p>\r\n<p class=\"break-words\"><strong>7. Aktualit\u00e4t und \u00c4nderung dieser Datenschutzerkl\u00e4rung<\/strong><\/p>\r\n<p class=\"break-words\">Diese Datenschutzerkl\u00e4rung ist aktuell g\u00fcltig und hat den Stand Februar 2025.<\/p>\r\n<p class=\"break-words\">Durch die Weiterentwicklung unserer Webseite und Angebote dar\u00fcber oder aufgrund ge\u00e4nderter gesetzlicher beziehungsweise beh\u00f6rdlicher Vorgaben kann es notwendig werden, diese Datenschutzerkl\u00e4rung zu \u00e4ndern. Die jeweils aktuelle Datenschutzerkl\u00e4rung kann jederzeit auf der Webseite von Ihnen abgerufen und ausgedruckt werden.<\/p>[\/et_pb_text][\/et_pb_column][\/et_pb_row][\/et_pb_section]","_et_gb_content_width":"","footnotes":""},"class_list":["post-657","page","type-page","status-publish","hentry"],"yoast_head":"<!-- This site is optimized with the Yoast SEO plugin v27.6 - https:\/\/yoast.com\/product\/yoast-seo-wordpress\/ -->\n<title>Data Protection - Just Metal Solutions<\/title>\n<meta name=\"robots\" content=\"index, follow, max-snippet:-1, max-image-preview:large, max-video-preview:-1\" \/>\n<link rel=\"canonical\" href=\"https:\/\/justmetalsolutions.de\/en\/data-protection\/\" \/>\n<meta property=\"og:locale\" content=\"en_US\" \/>\n<meta property=\"og:type\" content=\"article\" \/>\n<meta property=\"og:title\" content=\"Data Protection - Just Metal Solutions\" \/>\n<meta property=\"og:description\" content=\"Responsible PartyJust Metal SolutionsEmail: info@jms-velen.deAddress:\u00a0www.justmetalsolutions.de Collection and Storage of Personal Data as well as the Type and Purpose of their Use a) When Visiting the WebsiteWhen accessing our website\u00a0www.justmetalsolutions.de, information is automatically sent by the browser used on your device to the server of our website. This information is temporarily stored in a so-called logfile. [&hellip;]\" \/>\n<meta property=\"og:url\" content=\"https:\/\/justmetalsolutions.de\/en\/data-protection\/\" \/>\n<meta property=\"og:site_name\" content=\"Just Metal Solutions\" \/>\n<meta property=\"article:modified_time\" content=\"2025-02-26T08:01:33+00:00\" \/>\n<meta name=\"twitter:card\" content=\"summary_large_image\" \/>\n<meta name=\"twitter:label1\" content=\"Est. reading time\" \/>\n\t<meta name=\"twitter:data1\" content=\"6 minutes\" \/>\n<script type=\"application\/ld+json\" class=\"yoast-schema-graph\">{\"@context\":\"https:\\\/\\\/schema.org\",\"@graph\":[{\"@type\":\"WebPage\",\"@id\":\"https:\\\/\\\/justmetalsolutions.de\\\/en\\\/data-protection\\\/\",\"url\":\"https:\\\/\\\/justmetalsolutions.de\\\/en\\\/data-protection\\\/\",\"name\":\"Data Protection - Just Metal Solutions\",\"isPartOf\":{\"@id\":\"https:\\\/\\\/justmetalsolutions.de\\\/en\\\/#website\"},\"datePublished\":\"2025-01-30T07:13:26+00:00\",\"dateModified\":\"2025-02-26T08:01:33+00:00\",\"breadcrumb\":{\"@id\":\"https:\\\/\\\/justmetalsolutions.de\\\/en\\\/data-protection\\\/#breadcrumb\"},\"inLanguage\":\"en-US\",\"potentialAction\":[{\"@type\":\"ReadAction\",\"target\":[\"https:\\\/\\\/justmetalsolutions.de\\\/en\\\/data-protection\\\/\"]}]},{\"@type\":\"BreadcrumbList\",\"@id\":\"https:\\\/\\\/justmetalsolutions.de\\\/en\\\/data-protection\\\/#breadcrumb\",\"itemListElement\":[{\"@type\":\"ListItem\",\"position\":1,\"name\":\"Startseite\",\"item\":\"https:\\\/\\\/justmetalsolutions.de\\\/en\\\/\"},{\"@type\":\"ListItem\",\"position\":2,\"name\":\"Data Protection\"}]},{\"@type\":\"WebSite\",\"@id\":\"https:\\\/\\\/justmetalsolutions.de\\\/en\\\/#website\",\"url\":\"https:\\\/\\\/justmetalsolutions.de\\\/en\\\/\",\"name\":\"Just Metal Solutions\",\"description\":\"\",\"potentialAction\":[{\"@type\":\"SearchAction\",\"target\":{\"@type\":\"EntryPoint\",\"urlTemplate\":\"https:\\\/\\\/justmetalsolutions.de\\\/en\\\/?s={search_term_string}\"},\"query-input\":{\"@type\":\"PropertyValueSpecification\",\"valueRequired\":true,\"valueName\":\"search_term_string\"}}],\"inLanguage\":\"en-US\"}]}<\/script>\n<!-- \/ Yoast SEO plugin. -->","yoast_head_json":{"title":"Data Protection - Just Metal Solutions","robots":{"index":"index","follow":"follow","max-snippet":"max-snippet:-1","max-image-preview":"max-image-preview:large","max-video-preview":"max-video-preview:-1"},"canonical":"https:\/\/justmetalsolutions.de\/en\/data-protection\/","og_locale":"en_US","og_type":"article","og_title":"Data Protection - Just Metal Solutions","og_description":"Responsible PartyJust Metal SolutionsEmail: info@jms-velen.deAddress:\u00a0www.justmetalsolutions.de Collection and Storage of Personal Data as well as the Type and Purpose of their Use a) When Visiting the WebsiteWhen accessing our website\u00a0www.justmetalsolutions.de, information is automatically sent by the browser used on your device to the server of our website. This information is temporarily stored in a so-called logfile. [&hellip;]","og_url":"https:\/\/justmetalsolutions.de\/en\/data-protection\/","og_site_name":"Just Metal Solutions","article_modified_time":"2025-02-26T08:01:33+00:00","twitter_card":"summary_large_image","twitter_misc":{"Est. reading time":"6 minutes"},"schema":{"@context":"https:\/\/schema.org","@graph":[{"@type":"WebPage","@id":"https:\/\/justmetalsolutions.de\/en\/data-protection\/","url":"https:\/\/justmetalsolutions.de\/en\/data-protection\/","name":"Data Protection - Just Metal Solutions","isPartOf":{"@id":"https:\/\/justmetalsolutions.de\/en\/#website"},"datePublished":"2025-01-30T07:13:26+00:00","dateModified":"2025-02-26T08:01:33+00:00","breadcrumb":{"@id":"https:\/\/justmetalsolutions.de\/en\/data-protection\/#breadcrumb"},"inLanguage":"en-US","potentialAction":[{"@type":"ReadAction","target":["https:\/\/justmetalsolutions.de\/en\/data-protection\/"]}]},{"@type":"BreadcrumbList","@id":"https:\/\/justmetalsolutions.de\/en\/data-protection\/#breadcrumb","itemListElement":[{"@type":"ListItem","position":1,"name":"Startseite","item":"https:\/\/justmetalsolutions.de\/en\/"},{"@type":"ListItem","position":2,"name":"Data Protection"}]},{"@type":"WebSite","@id":"https:\/\/justmetalsolutions.de\/en\/#website","url":"https:\/\/justmetalsolutions.de\/en\/","name":"Just Metal Solutions","description":"","potentialAction":[{"@type":"SearchAction","target":{"@type":"EntryPoint","urlTemplate":"https:\/\/justmetalsolutions.de\/en\/?s={search_term_string}"},"query-input":{"@type":"PropertyValueSpecification","valueRequired":true,"valueName":"search_term_string"}}],"inLanguage":"en-US"}]}},"_links":{"self":[{"href":"https:\/\/justmetalsolutions.de\/en\/wp-json\/wp\/v2\/pages\/657","targetHints":{"allow":["GET"]}}],"collection":[{"href":"https:\/\/justmetalsolutions.de\/en\/wp-json\/wp\/v2\/pages"}],"about":[{"href":"https:\/\/justmetalsolutions.de\/en\/wp-json\/wp\/v2\/types\/page"}],"author":[{"embeddable":true,"href":"https:\/\/justmetalsolutions.de\/en\/wp-json\/wp\/v2\/users\/1"}],"replies":[{"embeddable":true,"href":"https:\/\/justmetalsolutions.de\/en\/wp-json\/wp\/v2\/comments?post=657"}],"version-history":[{"count":5,"href":"https:\/\/justmetalsolutions.de\/en\/wp-json\/wp\/v2\/pages\/657\/revisions"}],"predecessor-version":[{"id":721,"href":"https:\/\/justmetalsolutions.de\/en\/wp-json\/wp\/v2\/pages\/657\/revisions\/721"}],"wp:attachment":[{"href":"https:\/\/justmetalsolutions.de\/en\/wp-json\/wp\/v2\/media?parent=657"}],"curies":[{"name":"wp","href":"https:\/\/api.w.org\/{rel}","templated":true}]}}